{"id":3,"date":"2022-03-28T13:26:11","date_gmt":"2022-03-28T13:26:11","guid":{"rendered":"https:\/\/dil-93.hr\/cro\/?page_id=3"},"modified":"2023-08-24T13:07:12","modified_gmt":"2023-08-24T11:07:12","slug":"privatnost-i-kolacici","status":"publish","type":"page","link":"https:\/\/dil-93.hr\/cro\/privatnost-i-kolacici\/","title":{"rendered":"Privatnost i Kola\u010di\u0107i"},"content":{"rendered":"<h2>Pravila privatnosti<br \/>GDPR<\/h2>\n<p>Ovim dokumentom opisano je kako DIL-93 d.o.o. , Ra\u0161ka 22b, 10000 Zagreb, OIB: 42442121890 obra\u0111uje osobne podatke.<\/p>\n<p>Politika privatnosti se primjenjuje na sve osobne podatke korisnika koje prikupljamo i obra\u0111ujemo.<\/p>\n<p>Kontaktni podaci prikupljeni na na\u0161im web stranicama ne\u0107e biti javno objavljeni niti \u0107e koristiti za bilo \u0161to drugo, osim za slanje odgovora na va\u0161 upit!<\/p>\n<p>Svoje osobne podatke u gore navedene svrhe dajete dobrovoljno \u0161to potvr\u0111ujete daju\u0107i jasnu i nedvosmislenu privolu.<\/p>\n<p>Navedeni podaci su nam nu\u017eni kako bi se ispunile svrhe u koju se prikupljaju i ne\u0107e biti kori\u0161teni ni u koju drugu svrhu bez isho\u0111enja va\u0161e izri\u010dite privole. Slijedom navedenog, ako uskratite tra\u017eene osobne podatke, DIL-93 d.o.o. ne\u0107e mo\u0107i postupiti po tom zahtjevu.<\/p>\n<p>Obavje\u0161tavamo vas da u svakom trenutku mo\u017eete povu\u0107i privolu na obradu va\u0161ih osobnih podataka bez posljedica te da \u0107e va\u0161em zahtjevu biti udovoljeno u najkra\u0107em mogu\u0107em roku.<\/p>\n<p>Nakon povla\u010denja va\u0161e privole va\u0161i osobni podaci vi\u0161e ne\u0107e biti obra\u0111ivani te \u0107e u skladu s internim aktom DIL-93 d.o.o. biti brisani ili uni\u0161teni na siguran na\u010din.<\/p>\n<p>Va\u0161i osobni podaci ne\u0107e se proslje\u0111ivati tre\u0107im osobama izvan DIL-93 d.o.o. U slu\u010daju davanja va\u0161ih osobnih podataka na kori\u0161tenje tre\u0107im osobama, DIL-93 d.o.o. \u0107e vas o tome prethodno informirati u skladu s va\u017ee\u0107im propisima o za\u0161titi osobnih podataka.<\/p>\n<p>Va\u0161i osobni podaci ne\u0107e se proslje\u0111ivati tre\u0107im zemljama ili me\u0111unarodnim organizacijama.<br \/>DIL-93 d.o.o. \u0107e va\u0161e osobne podatke obra\u0111ivati u skladu s opisanom svrhom, u razdoblju u kojem je obrada tih podataka nu\u017ena radi postizanja svrhe u koju su prikupljeni, a najdu\u017ee u roku odre\u0111enom internim aktom kojim se ure\u0111uje obrada i pohrana tih podataka.<\/p>\n<p>Osobne podatke koje prikupimo o vama \u010duvamo u sigurnom okru\u017eenju. Va\u0161i osobni podaci su za\u0161ti\u0107eni od neovla\u0161tenog pristupa, otkrivanja, uporabe, izmjena ili uni\u0161tenja od strane bilo koje organizacije ili pojedinca.<\/p>\n<p>Obra\u0111eni podaci pohranjuju se u na\u0161im prostorijama i IT sustavima, ali ponekad podatke pohranjujemo na servere na\u0161ih pouzdanih davatelja usluga (trusted service provider).<\/p>\n<p>Osigurat \u0107emo da se osobni podaci dr\u017ee na sigurnom mjestu (koje uklju\u010duje razumnu administrativnu, tehni\u010dku i fizi\u010dku za\u0161titu kako bi se onemogu\u0107ilo neovla\u0161teno kori\u0161tenje, pristup, razotkrivanje, kopiranje ili izmjena osobnih podataka), kojem mogu pristupiti samo ovla\u0161tene osobe.<\/p>\n<p>Za sva pitanja i informacije vezane uz ostvarivanje va\u0161ih prava na za\u0161titu osobnih podataka, slobodno se obratite na e-adresu info@dil-93.hr<\/p>\n<h2><\/h2>\n<h2>Kori\u0161tenje kola\u010di\u0107a<\/h2>\n<p>Ova web stranica koristi kola\u010di\u0107e kako bi pobolj\u0161ala va\u0161e iskustvo dok se kre\u0107ete kroz web stranicu.<\/p>\n<p>Od toga, kola\u010di\u0107i koji su kategorizirani prema potrebi pohranjuju se na va\u0161em pregledniku jer su neophodni za rad osnovnih funkcionalnosti web stranice.<\/p>\n<p>Tako\u0111er koristimo kola\u010di\u0107e tre\u0107ih strana koji nam poma\u017eu analizirati i razumjeti kako koristite ovu web stranicu. Ovi kola\u010di\u0107i bit \u0107e pohranjeni u va\u0161em pregledniku samo uz va\u0161 pristanak.<\/p>\n<p>Tako\u0111er imate mogu\u0107nost isklju\u010diti te kola\u010di\u0107e.<\/p>\n<p>Ali odustajanje od nekih od ovih kola\u010di\u0107a mo\u017ee utjecati na va\u0161e iskustvo pregledavanja.<\/p>\n","protected":false},"excerpt":{"rendered":"<p>Pravila privatnostiGDPR Ovim dokumentom opisano je kako DIL-93 d.o.o. , Ra\u0161ka 22b, 10000 Zagreb, OIB: 42442121890 obra\u0111uje osobne podatke. Politika privatnosti se primjenjuje na sve osobne podatke korisnika koje prikupljamo i obra\u0111ujemo. Kontaktni podaci prikupljeni na na\u0161im web stranicama ne\u0107e biti javno objavljeni niti \u0107e koristiti za bilo \u0161to drugo, osim za slanje odgovora na&#8230;<\/p>\n","protected":false},"author":1,"featured_media":0,"parent":0,"menu_order":0,"comment_status":"closed","ping_status":"open","template":"","meta":{"_kad_blocks_custom_css":"","_kad_blocks_head_custom_js":"","_kad_blocks_body_custom_js":"","_kad_blocks_footer_custom_js":"","_kadence_starter_templates_imported_post":false,"_kad_post_transparent":"","_kad_post_title":"","_kad_post_layout":"","_kad_post_sidebar_id":"","_kad_post_content_style":"","_kad_post_vertical_padding":"","_kad_post_feature":"","_kad_post_feature_position":"","_kad_post_header":false,"_kad_post_footer":false,"_kad_post_classname":"","footnotes":""},"class_list":["post-3","page","type-page","status-publish","hentry"],"yoast_head":"<!-- This site is optimized with the Yoast SEO Premium plugin v19.5 (Yoast SEO v27.4) - https:\/\/yoast.com\/product\/yoast-seo-premium-wordpress\/ -->\n<title>Privatnost i Kola\u010di\u0107i - Dil-93<\/title>\n<meta name=\"robots\" content=\"index, follow, max-snippet:-1, max-image-preview:large, max-video-preview:-1\" \/>\n<link rel=\"canonical\" href=\"https:\/\/dil-93.hr\/cro\/privatnost-i-kolacici\/\" \/>\n<meta property=\"og:locale\" content=\"hr_HR\" \/>\n<meta property=\"og:type\" content=\"article\" \/>\n<meta property=\"og:title\" content=\"Privatnost i Kola\u010di\u0107i\" \/>\n<meta property=\"og:description\" content=\"Pravila privatnostiGDPR Ovim dokumentom opisano je kako DIL-93 d.o.o. , Ra\u0161ka 22b, 10000 Zagreb, OIB: 42442121890 obra\u0111uje osobne podatke. Politika privatnosti se primjenjuje na sve osobne podatke korisnika koje prikupljamo i obra\u0111ujemo. Kontaktni podaci prikupljeni na na\u0161im web stranicama ne\u0107e biti javno objavljeni niti \u0107e koristiti za bilo \u0161to drugo, osim za slanje odgovora na...\" \/>\n<meta property=\"og:url\" content=\"https:\/\/dil-93.hr\/cro\/privatnost-i-kolacici\/\" \/>\n<meta property=\"og:site_name\" content=\"Dil-93\" \/>\n<meta property=\"article:modified_time\" content=\"2023-08-24T11:07:12+00:00\" \/>\n<meta name=\"twitter:card\" content=\"summary_large_image\" \/>\n<meta name=\"twitter:label1\" content=\"Procijenjeno vrijeme \u010ditanja\" \/>\n\t<meta name=\"twitter:data1\" content=\"3 minute\" \/>\n<script type=\"application\/ld+json\" class=\"yoast-schema-graph\">{\"@context\":\"https:\\\/\\\/schema.org\",\"@graph\":[{\"@type\":\"WebPage\",\"@id\":\"https:\\\/\\\/dil-93.hr\\\/cro\\\/privatnost-i-kolacici\\\/\",\"url\":\"https:\\\/\\\/dil-93.hr\\\/cro\\\/privatnost-i-kolacici\\\/\",\"name\":\"Privatnost i Kola\u010di\u0107i - Dil-93\",\"isPartOf\":{\"@id\":\"https:\\\/\\\/dil-93.hr\\\/cro\\\/#website\"},\"datePublished\":\"2022-03-28T13:26:11+00:00\",\"dateModified\":\"2023-08-24T11:07:12+00:00\",\"breadcrumb\":{\"@id\":\"https:\\\/\\\/dil-93.hr\\\/cro\\\/privatnost-i-kolacici\\\/#breadcrumb\"},\"inLanguage\":\"hr\",\"potentialAction\":[{\"@type\":\"ReadAction\",\"target\":[\"https:\\\/\\\/dil-93.hr\\\/cro\\\/privatnost-i-kolacici\\\/\"]}]},{\"@type\":\"BreadcrumbList\",\"@id\":\"https:\\\/\\\/dil-93.hr\\\/cro\\\/privatnost-i-kolacici\\\/#breadcrumb\",\"itemListElement\":[{\"@type\":\"ListItem\",\"position\":1,\"name\":\"Home\",\"item\":\"https:\\\/\\\/dil-93.hr\\\/cro\\\/\"},{\"@type\":\"ListItem\",\"position\":2,\"name\":\"Privatnost i Kola\u010di\u0107i\"}]},{\"@type\":\"WebSite\",\"@id\":\"https:\\\/\\\/dil-93.hr\\\/cro\\\/#website\",\"url\":\"https:\\\/\\\/dil-93.hr\\\/cro\\\/\",\"name\":\"Dil-93\",\"description\":\"Informati\u010dki in\u017einjering i usluge\",\"publisher\":{\"@id\":\"https:\\\/\\\/dil-93.hr\\\/cro\\\/#organization\"},\"potentialAction\":[{\"@type\":\"SearchAction\",\"target\":{\"@type\":\"EntryPoint\",\"urlTemplate\":\"https:\\\/\\\/dil-93.hr\\\/cro\\\/?s={search_term_string}\"},\"query-input\":{\"@type\":\"PropertyValueSpecification\",\"valueRequired\":true,\"valueName\":\"search_term_string\"}}],\"inLanguage\":\"hr\"},{\"@type\":\"Organization\",\"@id\":\"https:\\\/\\\/dil-93.hr\\\/cro\\\/#organization\",\"name\":\"Dil-93 d.o.o.\",\"url\":\"https:\\\/\\\/dil-93.hr\\\/cro\\\/\",\"logo\":{\"@type\":\"ImageObject\",\"inLanguage\":\"hr\",\"@id\":\"https:\\\/\\\/dil-93.hr\\\/cro\\\/#\\\/schema\\\/logo\\\/image\\\/\",\"url\":\"https:\\\/\\\/dil-93.hr\\\/cro\\\/wp-content\\\/uploads\\\/2022\\\/04\\\/dil_logo_stari_cisti_favicon.png\",\"contentUrl\":\"https:\\\/\\\/dil-93.hr\\\/cro\\\/wp-content\\\/uploads\\\/2022\\\/04\\\/dil_logo_stari_cisti_favicon.png\",\"width\":512,\"height\":512,\"caption\":\"Dil-93 d.o.o.\"},\"image\":{\"@id\":\"https:\\\/\\\/dil-93.hr\\\/cro\\\/#\\\/schema\\\/logo\\\/image\\\/\"}}]}<\/script>\n<!-- \/ Yoast SEO Premium plugin. -->","yoast_head_json":{"title":"Privatnost i Kola\u010di\u0107i - Dil-93","robots":{"index":"index","follow":"follow","max-snippet":"max-snippet:-1","max-image-preview":"max-image-preview:large","max-video-preview":"max-video-preview:-1"},"canonical":"https:\/\/dil-93.hr\/cro\/privatnost-i-kolacici\/","og_locale":"hr_HR","og_type":"article","og_title":"Privatnost i Kola\u010di\u0107i","og_description":"Pravila privatnostiGDPR Ovim dokumentom opisano je kako DIL-93 d.o.o. , Ra\u0161ka 22b, 10000 Zagreb, OIB: 42442121890 obra\u0111uje osobne podatke. Politika privatnosti se primjenjuje na sve osobne podatke korisnika koje prikupljamo i obra\u0111ujemo. Kontaktni podaci prikupljeni na na\u0161im web stranicama ne\u0107e biti javno objavljeni niti \u0107e koristiti za bilo \u0161to drugo, osim za slanje odgovora na...","og_url":"https:\/\/dil-93.hr\/cro\/privatnost-i-kolacici\/","og_site_name":"Dil-93","article_modified_time":"2023-08-24T11:07:12+00:00","twitter_card":"summary_large_image","twitter_misc":{"Procijenjeno vrijeme \u010ditanja":"3 minute"},"schema":{"@context":"https:\/\/schema.org","@graph":[{"@type":"WebPage","@id":"https:\/\/dil-93.hr\/cro\/privatnost-i-kolacici\/","url":"https:\/\/dil-93.hr\/cro\/privatnost-i-kolacici\/","name":"Privatnost i Kola\u010di\u0107i - Dil-93","isPartOf":{"@id":"https:\/\/dil-93.hr\/cro\/#website"},"datePublished":"2022-03-28T13:26:11+00:00","dateModified":"2023-08-24T11:07:12+00:00","breadcrumb":{"@id":"https:\/\/dil-93.hr\/cro\/privatnost-i-kolacici\/#breadcrumb"},"inLanguage":"hr","potentialAction":[{"@type":"ReadAction","target":["https:\/\/dil-93.hr\/cro\/privatnost-i-kolacici\/"]}]},{"@type":"BreadcrumbList","@id":"https:\/\/dil-93.hr\/cro\/privatnost-i-kolacici\/#breadcrumb","itemListElement":[{"@type":"ListItem","position":1,"name":"Home","item":"https:\/\/dil-93.hr\/cro\/"},{"@type":"ListItem","position":2,"name":"Privatnost i Kola\u010di\u0107i"}]},{"@type":"WebSite","@id":"https:\/\/dil-93.hr\/cro\/#website","url":"https:\/\/dil-93.hr\/cro\/","name":"Dil-93","description":"Informati\u010dki in\u017einjering i usluge","publisher":{"@id":"https:\/\/dil-93.hr\/cro\/#organization"},"potentialAction":[{"@type":"SearchAction","target":{"@type":"EntryPoint","urlTemplate":"https:\/\/dil-93.hr\/cro\/?s={search_term_string}"},"query-input":{"@type":"PropertyValueSpecification","valueRequired":true,"valueName":"search_term_string"}}],"inLanguage":"hr"},{"@type":"Organization","@id":"https:\/\/dil-93.hr\/cro\/#organization","name":"Dil-93 d.o.o.","url":"https:\/\/dil-93.hr\/cro\/","logo":{"@type":"ImageObject","inLanguage":"hr","@id":"https:\/\/dil-93.hr\/cro\/#\/schema\/logo\/image\/","url":"https:\/\/dil-93.hr\/cro\/wp-content\/uploads\/2022\/04\/dil_logo_stari_cisti_favicon.png","contentUrl":"https:\/\/dil-93.hr\/cro\/wp-content\/uploads\/2022\/04\/dil_logo_stari_cisti_favicon.png","width":512,"height":512,"caption":"Dil-93 d.o.o."},"image":{"@id":"https:\/\/dil-93.hr\/cro\/#\/schema\/logo\/image\/"}}]}},"taxonomy_info":[],"featured_image_src_large":false,"author_info":{"display_name":"AdminD","author_link":"https:\/\/dil-93.hr\/cro\/author\/admindil\/"},"comment_info":0,"_links":{"self":[{"href":"https:\/\/dil-93.hr\/cro\/wp-json\/wp\/v2\/pages\/3","targetHints":{"allow":["GET"]}}],"collection":[{"href":"https:\/\/dil-93.hr\/cro\/wp-json\/wp\/v2\/pages"}],"about":[{"href":"https:\/\/dil-93.hr\/cro\/wp-json\/wp\/v2\/types\/page"}],"author":[{"embeddable":true,"href":"https:\/\/dil-93.hr\/cro\/wp-json\/wp\/v2\/users\/1"}],"replies":[{"embeddable":true,"href":"https:\/\/dil-93.hr\/cro\/wp-json\/wp\/v2\/comments?post=3"}],"version-history":[{"count":0,"href":"https:\/\/dil-93.hr\/cro\/wp-json\/wp\/v2\/pages\/3\/revisions"}],"wp:attachment":[{"href":"https:\/\/dil-93.hr\/cro\/wp-json\/wp\/v2\/media?parent=3"}],"curies":[{"name":"wp","href":"https:\/\/api.w.org\/{rel}","templated":true}]}}