{"id":16,"date":"2022-03-28T14:35:45","date_gmt":"2022-03-28T14:35:45","guid":{"rendered":"https:\/\/dil-93.hr\/cro\/?page_id=16"},"modified":"2024-01-22T08:51:21","modified_gmt":"2024-01-22T07:51:21","slug":"usluga-obracuna-placa","status":"publish","type":"page","link":"https:\/\/dil-93.hr\/cro\/usluga-obracuna-placa\/","title":{"rendered":"Usluga Obra\u010duna pla\u0107a"},"content":{"rendered":"<style>.kb-row-layout-id16_a2cf25-4a > .kt-row-column-wrap{align-content:start;}:where(.kb-row-layout-id16_a2cf25-4a > .kt-row-column-wrap) > .wp-block-kadence-column{justify-content:start;}.kb-row-layout-id16_a2cf25-4a > .kt-row-column-wrap{column-gap:var(--global-kb-gap-md, 2rem);row-gap:var(--global-kb-gap-md, 2rem);max-width:var( --global-content-width, 1290px );padding-left:var(--global-content-edge-padding);padding-right:var(--global-content-edge-padding);padding-top:var(--global-kb-spacing-sm, 1.5rem);padding-bottom:var(--global-kb-spacing-sm, 1.5rem);grid-template-columns:repeat(2, minmax(0, 1fr));}.kb-row-layout-id16_a2cf25-4a > .kt-row-layout-overlay{opacity:0.30;}@media all and (max-width: 1024px){.kb-row-layout-id16_a2cf25-4a > .kt-row-column-wrap{grid-template-columns:repeat(2, minmax(0, 1fr));}}@media all and (max-width: 767px){.kb-row-layout-id16_a2cf25-4a > .kt-row-column-wrap{grid-template-columns:minmax(0, 1fr);}}<\/style><div class=\"kb-row-layout-wrap kb-row-layout-id16_a2cf25-4a alignnone wp-block-kadence-rowlayout\"><div class=\"kt-row-column-wrap kt-has-2-columns kt-row-layout-equal kt-tab-layout-inherit kt-mobile-layout-row kt-row-valign-top kb-theme-content-width\">\n<style>.kadence-column16_d6e0ec-9f > .kt-inside-inner-col,.kadence-column16_d6e0ec-9f > .kt-inside-inner-col:before{border-top-left-radius:0px;border-top-right-radius:0px;border-bottom-right-radius:0px;border-bottom-left-radius:0px;}.kadence-column16_d6e0ec-9f > .kt-inside-inner-col{column-gap:var(--global-kb-gap-sm, 1rem);}.kadence-column16_d6e0ec-9f > .kt-inside-inner-col{flex-direction:column;}.kadence-column16_d6e0ec-9f > .kt-inside-inner-col > .aligncenter{width:100%;}.kadence-column16_d6e0ec-9f > .kt-inside-inner-col:before{opacity:0.3;}.kadence-column16_d6e0ec-9f{position:relative;}@media all and (max-width: 1024px){.kadence-column16_d6e0ec-9f > .kt-inside-inner-col{flex-direction:column;justify-content:center;}}@media all and (max-width: 767px){.kadence-column16_d6e0ec-9f > .kt-inside-inner-col{flex-direction:column;justify-content:center;}}<\/style>\n<div class=\"wp-block-kadence-column kadence-column16_d6e0ec-9f\"><div class=\"kt-inside-inner-col\"><style>.kb-image16_bc7b7e-62 .kb-image-has-overlay:after{opacity:0.3;}<\/style>\n<figure class=\"wp-block-kadence-image kb-image16_bc7b7e-62 size-large\"><img loading=\"lazy\" decoding=\"async\" width=\"1024\" height=\"487\" src=\"https:\/\/dil-93.hr\/cro\/wp-content\/uploads\/2022\/04\/obracun_placa-1024x487.jpg\" alt=\"Usluga obra\u010duna pla\u0107a DIL-93\" class=\"kb-img wp-image-1278\" srcset=\"https:\/\/dil-93.hr\/cro\/wp-content\/uploads\/2022\/04\/obracun_placa-1024x487.jpg 1024w, https:\/\/dil-93.hr\/cro\/wp-content\/uploads\/2022\/04\/obracun_placa-300x143.jpg 300w, https:\/\/dil-93.hr\/cro\/wp-content\/uploads\/2022\/04\/obracun_placa-768x365.jpg 768w, https:\/\/dil-93.hr\/cro\/wp-content\/uploads\/2022\/04\/obracun_placa-1080x513.jpg 1080w, https:\/\/dil-93.hr\/cro\/wp-content\/uploads\/2022\/04\/obracun_placa-980x466.jpg 980w, https:\/\/dil-93.hr\/cro\/wp-content\/uploads\/2022\/04\/obracun_placa-480x228.jpg 480w, https:\/\/dil-93.hr\/cro\/wp-content\/uploads\/2022\/04\/obracun_placa.jpg 1185w\" sizes=\"auto, (max-width: 1024px) 100vw, 1024px\" \/><\/figure>\n<\/div><\/div>\n\n\n<style>.kadence-column16_63bd2d-64 > .kt-inside-inner-col,.kadence-column16_63bd2d-64 > .kt-inside-inner-col:before{border-top-left-radius:0px;border-top-right-radius:0px;border-bottom-right-radius:0px;border-bottom-left-radius:0px;}.kadence-column16_63bd2d-64 > .kt-inside-inner-col{column-gap:var(--global-kb-gap-sm, 1rem);}.kadence-column16_63bd2d-64 > .kt-inside-inner-col{flex-direction:column;}.kadence-column16_63bd2d-64 > .kt-inside-inner-col > .aligncenter{width:100%;}.kadence-column16_63bd2d-64 > .kt-inside-inner-col:before{opacity:0.3;}.kadence-column16_63bd2d-64{position:relative;}@media all and (max-width: 1024px){.kadence-column16_63bd2d-64 > .kt-inside-inner-col{flex-direction:column;justify-content:center;}}@media all and (max-width: 767px){.kadence-column16_63bd2d-64 > .kt-inside-inner-col{flex-direction:column;justify-content:center;}}<\/style>\n<div class=\"wp-block-kadence-column kadence-column16_63bd2d-64\"><div class=\"kt-inside-inner-col\"><style>.wp-block-kadence-advancedheading.kt-adv-heading16_8c42b5-8c, .wp-block-kadence-advancedheading.kt-adv-heading16_8c42b5-8c[data-kb-block=\"kb-adv-heading16_8c42b5-8c\"]{font-size:var(--global-kb-font-size-lg, 2rem);font-style:normal;}.wp-block-kadence-advancedheading.kt-adv-heading16_8c42b5-8c mark.kt-highlight, .wp-block-kadence-advancedheading.kt-adv-heading16_8c42b5-8c[data-kb-block=\"kb-adv-heading16_8c42b5-8c\"] mark.kt-highlight{font-style:normal;color:#f76a0c;-webkit-box-decoration-break:clone;box-decoration-break:clone;padding-top:0px;padding-right:0px;padding-bottom:0px;padding-left:0px;}.wp-block-kadence-advancedheading.kt-adv-heading16_8c42b5-8c img.kb-inline-image, .wp-block-kadence-advancedheading.kt-adv-heading16_8c42b5-8c[data-kb-block=\"kb-adv-heading16_8c42b5-8c\"] img.kb-inline-image{width:150px;vertical-align:baseline;}<\/style>\n<h1 class=\"kt-adv-heading16_8c42b5-8c wp-block-kadence-advancedheading\" data-kb-block=\"kb-adv-heading16_8c42b5-8c\">Usluga Obra\u010duna pla\u0107a<\/h1>\n\n\n<style>.wp-block-kadence-spacer.kt-block-spacer-16_033a76-e2 .kt-block-spacer{height:27px;}.wp-block-kadence-spacer.kt-block-spacer-16_033a76-e2 .kt-divider{border-top-width:1px;height:1px;border-top-color:#888888;width:100%;border-top-style:solid;}<\/style>\n<div class=\"wp-block-kadence-spacer aligncenter kt-block-spacer-16_033a76-e2\"><div class=\"kt-block-spacer kt-block-spacer-halign-center\"><hr class=\"kt-divider\"\/><\/div><\/div>\n\n\n<style>.wp-block-kadence-advancedheading.kt-adv-heading16_4c287e-41, .wp-block-kadence-advancedheading.kt-adv-heading16_4c287e-41[data-kb-block=\"kb-adv-heading16_4c287e-41\"]{font-style:normal;}.wp-block-kadence-advancedheading.kt-adv-heading16_4c287e-41 mark.kt-highlight, .wp-block-kadence-advancedheading.kt-adv-heading16_4c287e-41[data-kb-block=\"kb-adv-heading16_4c287e-41\"] mark.kt-highlight{font-style:normal;color:#f76a0c;-webkit-box-decoration-break:clone;box-decoration-break:clone;padding-top:0px;padding-right:0px;padding-bottom:0px;padding-left:0px;}.wp-block-kadence-advancedheading.kt-adv-heading16_4c287e-41 img.kb-inline-image, .wp-block-kadence-advancedheading.kt-adv-heading16_4c287e-41[data-kb-block=\"kb-adv-heading16_4c287e-41\"] img.kb-inline-image{width:150px;vertical-align:baseline;}<\/style>\n<p class=\"kt-adv-heading16_4c287e-41 wp-block-kadence-advancedheading\" data-kb-block=\"kb-adv-heading16_4c287e-41\">Usluga obra\u010duna pla\u0107a je puno vi\u0161e od puke papirologije i stoga je veoma va\u017ena za nesmetano poslovanje poduze\u0107a, bez obzira na to je li rije\u010d o mikro, malom, srednjem ili velikom poduzetniku. Temeljene na redovitom pra\u0107enju zakonske regulative, usluge obra\u010duna pla\u0107a tvrtke Dil-93 pru\u017eaju to\u010dne i pouzdane financijske podatke, identificiraju i ukazuju na propuste te osiguravaju najprikladnija rje\u0161enja za unaprje\u0111enje va\u0161eg poslovanja.<\/p>\n<\/div><\/div>\n\n<\/div><\/div>\n\n<style>.kb-row-layout-id16_680dd6-26 > .kt-row-column-wrap{align-content:start;}:where(.kb-row-layout-id16_680dd6-26 > .kt-row-column-wrap) > .wp-block-kadence-column{justify-content:start;}.kb-row-layout-id16_680dd6-26 > .kt-row-column-wrap{column-gap:var(--global-kb-gap-md, 2rem);row-gap:var(--global-kb-gap-md, 2rem);max-width:var( --global-content-width, 1290px );padding-left:var(--global-content-edge-padding);padding-right:var(--global-content-edge-padding);padding-top:var(--global-kb-spacing-sm, 1.5rem);padding-bottom:var(--global-kb-spacing-sm, 1.5rem);grid-template-columns:minmax(0, 1fr);}.kb-row-layout-id16_680dd6-26 > .kt-row-layout-overlay{opacity:0.30;}@media all and (max-width: 1024px){.kb-row-layout-id16_680dd6-26 > .kt-row-column-wrap{grid-template-columns:minmax(0, 1fr);}}@media all and (max-width: 767px){.kb-row-layout-id16_680dd6-26 > .kt-row-column-wrap{grid-template-columns:minmax(0, 1fr);}}<\/style><div class=\"kb-row-layout-wrap kb-row-layout-id16_680dd6-26 alignnone wp-block-kadence-rowlayout\"><div class=\"kt-row-column-wrap kt-has-1-columns kt-row-layout-equal kt-tab-layout-inherit kt-mobile-layout-row kt-row-valign-top kb-theme-content-width\">\n<style>.kadence-column16_c4994f-42 > .kt-inside-inner-col,.kadence-column16_c4994f-42 > .kt-inside-inner-col:before{border-top-left-radius:0px;border-top-right-radius:0px;border-bottom-right-radius:0px;border-bottom-left-radius:0px;}.kadence-column16_c4994f-42 > .kt-inside-inner-col{column-gap:var(--global-kb-gap-sm, 1rem);}.kadence-column16_c4994f-42 > .kt-inside-inner-col{flex-direction:column;}.kadence-column16_c4994f-42 > .kt-inside-inner-col > .aligncenter{width:100%;}.kadence-column16_c4994f-42 > .kt-inside-inner-col:before{opacity:0.3;}.kadence-column16_c4994f-42{position:relative;}@media all and (max-width: 1024px){.kadence-column16_c4994f-42 > .kt-inside-inner-col{flex-direction:column;justify-content:center;}}@media all and (max-width: 767px){.kadence-column16_c4994f-42 > .kt-inside-inner-col{flex-direction:column;justify-content:center;}}<\/style>\n<div class=\"wp-block-kadence-column kadence-column16_c4994f-42\"><div class=\"kt-inside-inner-col\"><style>.wp-block-kadence-advancedheading.kt-adv-heading16_122a69-45, .wp-block-kadence-advancedheading.kt-adv-heading16_122a69-45[data-kb-block=\"kb-adv-heading16_122a69-45\"]{font-size:var(--global-kb-font-size-md, 1.25rem);font-weight:400;font-style:normal;}.wp-block-kadence-advancedheading.kt-adv-heading16_122a69-45 mark.kt-highlight, .wp-block-kadence-advancedheading.kt-adv-heading16_122a69-45[data-kb-block=\"kb-adv-heading16_122a69-45\"] mark.kt-highlight{font-style:normal;color:#f76a0c;-webkit-box-decoration-break:clone;box-decoration-break:clone;padding-top:0px;padding-right:0px;padding-bottom:0px;padding-left:0px;}.wp-block-kadence-advancedheading.kt-adv-heading16_122a69-45 img.kb-inline-image, .wp-block-kadence-advancedheading.kt-adv-heading16_122a69-45[data-kb-block=\"kb-adv-heading16_122a69-45\"] img.kb-inline-image{width:150px;vertical-align:baseline;}<\/style>\n<h2 class=\"kt-adv-heading16_122a69-45 wp-block-kadence-advancedheading\" data-kb-block=\"kb-adv-heading16_122a69-45\">Za\u0161to je na\u0161a usluga obra\u010duna pla\u0107a najbolja za Va\u0161e poslovanje ?<\/h2>\n\n\n<style>.wp-block-kadence-spacer.kt-block-spacer-16_82cfcb-cb .kt-block-spacer{height:22px;}.wp-block-kadence-spacer.kt-block-spacer-16_82cfcb-cb .kt-divider{border-top-width:1px;height:1px;border-top-color:#888888;width:100%;border-top-style:solid;}<\/style>\n<div class=\"wp-block-kadence-spacer aligncenter kt-block-spacer-16_82cfcb-cb\"><div class=\"kt-block-spacer kt-block-spacer-halign-center\"><hr class=\"kt-divider\"\/><\/div><\/div>\n\n\n<style>.wp-block-kadence-advancedheading.kt-adv-heading16_60c79a-a3, .wp-block-kadence-advancedheading.kt-adv-heading16_60c79a-a3[data-kb-block=\"kb-adv-heading16_60c79a-a3\"]{font-style:normal;}.wp-block-kadence-advancedheading.kt-adv-heading16_60c79a-a3 mark.kt-highlight, .wp-block-kadence-advancedheading.kt-adv-heading16_60c79a-a3[data-kb-block=\"kb-adv-heading16_60c79a-a3\"] mark.kt-highlight{font-style:normal;color:#f76a0c;-webkit-box-decoration-break:clone;box-decoration-break:clone;padding-top:0px;padding-right:0px;padding-bottom:0px;padding-left:0px;}.wp-block-kadence-advancedheading.kt-adv-heading16_60c79a-a3 img.kb-inline-image, .wp-block-kadence-advancedheading.kt-adv-heading16_60c79a-a3[data-kb-block=\"kb-adv-heading16_60c79a-a3\"] img.kb-inline-image{width:150px;vertical-align:baseline;}<\/style>\n<p class=\"kt-adv-heading16_60c79a-a3 wp-block-kadence-advancedheading\" data-kb-block=\"kb-adv-heading16_60c79a-a3\">Nakon \u0161to po\u010dnete koristiti na\u0161e usluge obra\u010duna pla\u0107a, brzo \u0107ete shvatiti da vam mi mo\u017eemo biti jedan od najva\u017enijih poslovnih partnera. Ne samo da \u0107emo vam u\u0161tedjeti vrijeme, ve\u0107 \u0107emo vam i osigurati da iz svog poslovanja izvu\u010dete maksimum u zakonskim okvirima. Sve aktivnosti povezane s obra\u010dunom pla\u0107a na\u0107i \u0107ete na jednom mjestu te \u0107emo vam osigurati potpunu ra\u010dunovodstvenu i adminidstrativnu podr\u0161ku. Implementacijom u\u010dinkovitih procesa za obra\u010dun pla\u0107a podr\u017eat \u0107emo smanjenje va\u0161ih operativnih tro\u0161kova uz visoku sigurnost va\u0161ih podataka.<br><strong>Hvala \u0161to ste posjetili na\u0161u stranicu, a u nastavku provjerite \u0161to konkretnije obuhva\u0107aju na\u0161e usluge obra\u010duna pla\u0107a:<\/strong><\/p>\n\n\n\n<ul class=\"wp-block-list\">\n<li>Pratimo Zakonske obveze za vas te sukladno tome radimo obra\u010dun pla\u0107a i drugih dohodaka za va\u0161 tim, kao i isplate nagrada, naknada za prehranu, prigodnih nagrada (regres, bo\u017ei\u0107nica, dar djeci)<\/li>\n\n\n\n<li>Pripremamo datoteku s nalozima za pla\u0107anje za u\u010ditavanje u internet bankarstvo (ne gubite vrijeme na prepisivanje naloga)<\/li>\n\n\n\n<li>O isplati pla\u0107a i naknada obavje\u0161tavamo poreznu upravu (joppd obrazac)<\/li>\n\n\n\n<li>Prijave i odjave radnika na mirovinsko<\/li>\n\n\n\n<li>Vo\u0111enje mati\u010dne evidencije radnika<\/li>\n\n\n\n<li>Izrada godi\u0161njeg obra\u010duna pla\u0107a za obra\u010dun poreza\/prireza<\/li>\n\n\n\n<li><span style=\"font-size: 17px;\">Pripremamo temeljnicu knji\u017eenja za dostavu ra\u010dunovodstvu (CSV, XLS,..)<\/span><\/li>\n\n\n\n<li>Izrada izvje\u0161taja za primitke radnika<\/li>\n\n\n\n<li>Priprema dokumentacija za refundacije (npr. bolovanje na teret hzzo-a)Na vama je samo da nam dostavite evidenciju rada te doznake za bolovanja ukoliko ih ima.<\/li>\n\n\n\n<li>Ukoliko se odlu\u010dite raditi obra\u010dun pla\u0107a samostalno nudimo Vam na\u0161 <a href=\"https:\/\/dil-93.hr\/cro\/place\/\">program za obra\u010dun pla\u0107a<\/a>.<span style=\"font-size: 16px;\">&nbsp;<\/span><\/li>\n<\/ul>\n<\/div><\/div>\n\n<\/div><\/div>","protected":false},"excerpt":{"rendered":"<p>Usluga Obra\u010duna pla\u0107a Usluga obra\u010duna pla\u0107a je puno vi\u0161e od puke papirologije i stoga je veoma va\u017ena za nesmetano poslovanje poduze\u0107a, bez obzira na to je li rije\u010d o mikro, malom, srednjem ili velikom poduzetniku. Temeljene na redovitom pra\u0107enju zakonske regulative, usluge obra\u010duna pla\u0107a tvrtke Dil-93 pru\u017eaju to\u010dne i pouzdane financijske podatke, identificiraju i ukazuju&#8230;<\/p>\n","protected":false},"author":2,"featured_media":1030,"parent":0,"menu_order":0,"comment_status":"closed","ping_status":"closed","template":"","meta":{"_kad_blocks_custom_css":"","_kad_blocks_head_custom_js":"","_kad_blocks_body_custom_js":"","_kad_blocks_footer_custom_js":"","_kadence_starter_templates_imported_post":false,"_kad_post_transparent":"","_kad_post_title":"","_kad_post_layout":"","_kad_post_sidebar_id":"","_kad_post_content_style":"default","_kad_post_vertical_padding":"","_kad_post_feature":"","_kad_post_feature_position":"","_kad_post_header":false,"_kad_post_footer":false,"_kad_post_classname":"","footnotes":""},"class_list":["post-16","page","type-page","status-publish","has-post-thumbnail","hentry"],"yoast_head":"<!-- This site is optimized with the Yoast SEO Premium plugin v19.5 (Yoast SEO v27.4) - https:\/\/yoast.com\/product\/yoast-seo-premium-wordpress\/ -->\n<title>Usluga Obra\u010duna pla\u0107a - Dil-93<\/title>\n<meta name=\"description\" content=\"Usluga obra\u010duna pla\u0107a. Radimo izra\u010dun pla\u0107e za Vas. Nesamostalni rad, Poduzetni\u010dka pla\u0107a, Ugovor o djelu, Ispl. dobiti, Izaslani radnici, ...\" \/>\n<meta name=\"robots\" content=\"index, follow, max-snippet:-1, max-image-preview:large, max-video-preview:-1\" \/>\n<link rel=\"canonical\" href=\"https:\/\/dil-93.hr\/cro\/usluga-obracuna-placa\/\" \/>\n<meta property=\"og:locale\" content=\"hr_HR\" \/>\n<meta property=\"og:type\" content=\"article\" \/>\n<meta property=\"og:title\" content=\"Usluga Obra\u010duna pla\u0107a\" \/>\n<meta property=\"og:description\" content=\"Usluga obra\u010duna pla\u0107a. Radimo izra\u010dun pla\u0107e za Vas. Nesamostalni rad, Poduzetni\u010dka pla\u0107a, Ugovor o djelu, Ispl. dobiti, Izaslani radnici, ...\" \/>\n<meta property=\"og:url\" content=\"https:\/\/dil-93.hr\/cro\/usluga-obracuna-placa\/\" \/>\n<meta property=\"og:site_name\" content=\"Dil-93\" \/>\n<meta property=\"article:modified_time\" content=\"2024-01-22T07:51:21+00:00\" \/>\n<meta property=\"og:image\" content=\"https:\/\/dil-93.hr\/cro\/wp-content\/uploads\/2022\/04\/dil_logo_stari_cisti_favicon.png\" \/>\n\t<meta property=\"og:image:width\" content=\"512\" \/>\n\t<meta property=\"og:image:height\" content=\"512\" \/>\n\t<meta property=\"og:image:type\" content=\"image\/png\" \/>\n<meta name=\"twitter:card\" content=\"summary_large_image\" \/>\n<meta name=\"twitter:label1\" content=\"Procijenjeno vrijeme \u010ditanja\" \/>\n\t<meta name=\"twitter:data1\" content=\"3 minute\" \/>\n<script type=\"application\/ld+json\" class=\"yoast-schema-graph\">{\"@context\":\"https:\\\/\\\/schema.org\",\"@graph\":[{\"@type\":\"WebPage\",\"@id\":\"https:\\\/\\\/dil-93.hr\\\/cro\\\/usluga-obracuna-placa\\\/\",\"url\":\"https:\\\/\\\/dil-93.hr\\\/cro\\\/usluga-obracuna-placa\\\/\",\"name\":\"Usluga Obra\u010duna pla\u0107a - Dil-93\",\"isPartOf\":{\"@id\":\"https:\\\/\\\/dil-93.hr\\\/cro\\\/#website\"},\"primaryImageOfPage\":{\"@id\":\"https:\\\/\\\/dil-93.hr\\\/cro\\\/usluga-obracuna-placa\\\/#primaryimage\"},\"image\":{\"@id\":\"https:\\\/\\\/dil-93.hr\\\/cro\\\/usluga-obracuna-placa\\\/#primaryimage\"},\"thumbnailUrl\":\"https:\\\/\\\/dil-93.hr\\\/cro\\\/wp-content\\\/uploads\\\/2022\\\/04\\\/dil_logo_stari_cisti_favicon.png\",\"datePublished\":\"2022-03-28T14:35:45+00:00\",\"dateModified\":\"2024-01-22T07:51:21+00:00\",\"description\":\"Usluga obra\u010duna pla\u0107a. Radimo izra\u010dun pla\u0107e za Vas. Nesamostalni rad, Poduzetni\u010dka pla\u0107a, Ugovor o djelu, Ispl. dobiti, Izaslani radnici, ...\",\"breadcrumb\":{\"@id\":\"https:\\\/\\\/dil-93.hr\\\/cro\\\/usluga-obracuna-placa\\\/#breadcrumb\"},\"inLanguage\":\"hr\",\"potentialAction\":[{\"@type\":\"ReadAction\",\"target\":[\"https:\\\/\\\/dil-93.hr\\\/cro\\\/usluga-obracuna-placa\\\/\"]}]},{\"@type\":\"ImageObject\",\"inLanguage\":\"hr\",\"@id\":\"https:\\\/\\\/dil-93.hr\\\/cro\\\/usluga-obracuna-placa\\\/#primaryimage\",\"url\":\"https:\\\/\\\/dil-93.hr\\\/cro\\\/wp-content\\\/uploads\\\/2022\\\/04\\\/dil_logo_stari_cisti_favicon.png\",\"contentUrl\":\"https:\\\/\\\/dil-93.hr\\\/cro\\\/wp-content\\\/uploads\\\/2022\\\/04\\\/dil_logo_stari_cisti_favicon.png\",\"width\":512,\"height\":512,\"caption\":\"Dil-93 Usluga obra\u010duna pla\u0107a, knjigovodstveni programi, Izrada Internet stranica\"},{\"@type\":\"BreadcrumbList\",\"@id\":\"https:\\\/\\\/dil-93.hr\\\/cro\\\/usluga-obracuna-placa\\\/#breadcrumb\",\"itemListElement\":[{\"@type\":\"ListItem\",\"position\":1,\"name\":\"Home\",\"item\":\"https:\\\/\\\/dil-93.hr\\\/cro\\\/\"},{\"@type\":\"ListItem\",\"position\":2,\"name\":\"Usluga Obra\u010duna pla\u0107a\"}]},{\"@type\":\"WebSite\",\"@id\":\"https:\\\/\\\/dil-93.hr\\\/cro\\\/#website\",\"url\":\"https:\\\/\\\/dil-93.hr\\\/cro\\\/\",\"name\":\"Dil-93\",\"description\":\"Informati\u010dki in\u017einjering i usluge\",\"publisher\":{\"@id\":\"https:\\\/\\\/dil-93.hr\\\/cro\\\/#organization\"},\"potentialAction\":[{\"@type\":\"SearchAction\",\"target\":{\"@type\":\"EntryPoint\",\"urlTemplate\":\"https:\\\/\\\/dil-93.hr\\\/cro\\\/?s={search_term_string}\"},\"query-input\":{\"@type\":\"PropertyValueSpecification\",\"valueRequired\":true,\"valueName\":\"search_term_string\"}}],\"inLanguage\":\"hr\"},{\"@type\":\"Organization\",\"@id\":\"https:\\\/\\\/dil-93.hr\\\/cro\\\/#organization\",\"name\":\"Dil-93 d.o.o.\",\"url\":\"https:\\\/\\\/dil-93.hr\\\/cro\\\/\",\"logo\":{\"@type\":\"ImageObject\",\"inLanguage\":\"hr\",\"@id\":\"https:\\\/\\\/dil-93.hr\\\/cro\\\/#\\\/schema\\\/logo\\\/image\\\/\",\"url\":\"https:\\\/\\\/dil-93.hr\\\/cro\\\/wp-content\\\/uploads\\\/2022\\\/04\\\/dil_logo_stari_cisti_favicon.png\",\"contentUrl\":\"https:\\\/\\\/dil-93.hr\\\/cro\\\/wp-content\\\/uploads\\\/2022\\\/04\\\/dil_logo_stari_cisti_favicon.png\",\"width\":512,\"height\":512,\"caption\":\"Dil-93 d.o.o.\"},\"image\":{\"@id\":\"https:\\\/\\\/dil-93.hr\\\/cro\\\/#\\\/schema\\\/logo\\\/image\\\/\"}}]}<\/script>\n<!-- \/ Yoast SEO Premium plugin. -->","yoast_head_json":{"title":"Usluga Obra\u010duna pla\u0107a - Dil-93","description":"Usluga obra\u010duna pla\u0107a. Radimo izra\u010dun pla\u0107e za Vas. Nesamostalni rad, Poduzetni\u010dka pla\u0107a, Ugovor o djelu, Ispl. dobiti, Izaslani radnici, ...","robots":{"index":"index","follow":"follow","max-snippet":"max-snippet:-1","max-image-preview":"max-image-preview:large","max-video-preview":"max-video-preview:-1"},"canonical":"https:\/\/dil-93.hr\/cro\/usluga-obracuna-placa\/","og_locale":"hr_HR","og_type":"article","og_title":"Usluga Obra\u010duna pla\u0107a","og_description":"Usluga obra\u010duna pla\u0107a. Radimo izra\u010dun pla\u0107e za Vas. Nesamostalni rad, Poduzetni\u010dka pla\u0107a, Ugovor o djelu, Ispl. dobiti, Izaslani radnici, ...","og_url":"https:\/\/dil-93.hr\/cro\/usluga-obracuna-placa\/","og_site_name":"Dil-93","article_modified_time":"2024-01-22T07:51:21+00:00","og_image":[{"width":512,"height":512,"url":"https:\/\/dil-93.hr\/cro\/wp-content\/uploads\/2022\/04\/dil_logo_stari_cisti_favicon.png","type":"image\/png"}],"twitter_card":"summary_large_image","twitter_misc":{"Procijenjeno vrijeme \u010ditanja":"3 minute"},"schema":{"@context":"https:\/\/schema.org","@graph":[{"@type":"WebPage","@id":"https:\/\/dil-93.hr\/cro\/usluga-obracuna-placa\/","url":"https:\/\/dil-93.hr\/cro\/usluga-obracuna-placa\/","name":"Usluga Obra\u010duna pla\u0107a - Dil-93","isPartOf":{"@id":"https:\/\/dil-93.hr\/cro\/#website"},"primaryImageOfPage":{"@id":"https:\/\/dil-93.hr\/cro\/usluga-obracuna-placa\/#primaryimage"},"image":{"@id":"https:\/\/dil-93.hr\/cro\/usluga-obracuna-placa\/#primaryimage"},"thumbnailUrl":"https:\/\/dil-93.hr\/cro\/wp-content\/uploads\/2022\/04\/dil_logo_stari_cisti_favicon.png","datePublished":"2022-03-28T14:35:45+00:00","dateModified":"2024-01-22T07:51:21+00:00","description":"Usluga obra\u010duna pla\u0107a. Radimo izra\u010dun pla\u0107e za Vas. Nesamostalni rad, Poduzetni\u010dka pla\u0107a, Ugovor o djelu, Ispl. dobiti, Izaslani radnici, ...","breadcrumb":{"@id":"https:\/\/dil-93.hr\/cro\/usluga-obracuna-placa\/#breadcrumb"},"inLanguage":"hr","potentialAction":[{"@type":"ReadAction","target":["https:\/\/dil-93.hr\/cro\/usluga-obracuna-placa\/"]}]},{"@type":"ImageObject","inLanguage":"hr","@id":"https:\/\/dil-93.hr\/cro\/usluga-obracuna-placa\/#primaryimage","url":"https:\/\/dil-93.hr\/cro\/wp-content\/uploads\/2022\/04\/dil_logo_stari_cisti_favicon.png","contentUrl":"https:\/\/dil-93.hr\/cro\/wp-content\/uploads\/2022\/04\/dil_logo_stari_cisti_favicon.png","width":512,"height":512,"caption":"Dil-93 Usluga obra\u010duna pla\u0107a, knjigovodstveni programi, Izrada Internet stranica"},{"@type":"BreadcrumbList","@id":"https:\/\/dil-93.hr\/cro\/usluga-obracuna-placa\/#breadcrumb","itemListElement":[{"@type":"ListItem","position":1,"name":"Home","item":"https:\/\/dil-93.hr\/cro\/"},{"@type":"ListItem","position":2,"name":"Usluga Obra\u010duna pla\u0107a"}]},{"@type":"WebSite","@id":"https:\/\/dil-93.hr\/cro\/#website","url":"https:\/\/dil-93.hr\/cro\/","name":"Dil-93","description":"Informati\u010dki in\u017einjering i usluge","publisher":{"@id":"https:\/\/dil-93.hr\/cro\/#organization"},"potentialAction":[{"@type":"SearchAction","target":{"@type":"EntryPoint","urlTemplate":"https:\/\/dil-93.hr\/cro\/?s={search_term_string}"},"query-input":{"@type":"PropertyValueSpecification","valueRequired":true,"valueName":"search_term_string"}}],"inLanguage":"hr"},{"@type":"Organization","@id":"https:\/\/dil-93.hr\/cro\/#organization","name":"Dil-93 d.o.o.","url":"https:\/\/dil-93.hr\/cro\/","logo":{"@type":"ImageObject","inLanguage":"hr","@id":"https:\/\/dil-93.hr\/cro\/#\/schema\/logo\/image\/","url":"https:\/\/dil-93.hr\/cro\/wp-content\/uploads\/2022\/04\/dil_logo_stari_cisti_favicon.png","contentUrl":"https:\/\/dil-93.hr\/cro\/wp-content\/uploads\/2022\/04\/dil_logo_stari_cisti_favicon.png","width":512,"height":512,"caption":"Dil-93 d.o.o."},"image":{"@id":"https:\/\/dil-93.hr\/cro\/#\/schema\/logo\/image\/"}}]}},"taxonomy_info":[],"featured_image_src_large":["https:\/\/dil-93.hr\/cro\/wp-content\/uploads\/2022\/04\/dil_logo_stari_cisti_favicon.png",512,512,false],"author_info":{"display_name":"AdminS","author_link":"https:\/\/dil-93.hr\/cro\/author\/sstritof\/"},"comment_info":0,"_links":{"self":[{"href":"https:\/\/dil-93.hr\/cro\/wp-json\/wp\/v2\/pages\/16","targetHints":{"allow":["GET"]}}],"collection":[{"href":"https:\/\/dil-93.hr\/cro\/wp-json\/wp\/v2\/pages"}],"about":[{"href":"https:\/\/dil-93.hr\/cro\/wp-json\/wp\/v2\/types\/page"}],"author":[{"embeddable":true,"href":"https:\/\/dil-93.hr\/cro\/wp-json\/wp\/v2\/users\/2"}],"replies":[{"embeddable":true,"href":"https:\/\/dil-93.hr\/cro\/wp-json\/wp\/v2\/comments?post=16"}],"version-history":[{"count":0,"href":"https:\/\/dil-93.hr\/cro\/wp-json\/wp\/v2\/pages\/16\/revisions"}],"wp:featuredmedia":[{"embeddable":true,"href":"https:\/\/dil-93.hr\/cro\/wp-json\/wp\/v2\/media\/1030"}],"wp:attachment":[{"href":"https:\/\/dil-93.hr\/cro\/wp-json\/wp\/v2\/media?parent=16"}],"curies":[{"name":"wp","href":"https:\/\/api.w.org\/{rel}","templated":true}]}}